{"id":106,"date":"2026-05-16T13:50:00","date_gmt":"2026-05-16T13:50:00","guid":{"rendered":"https:\/\/schiesssport-haaren.de\/?page_id=106"},"modified":"2026-05-17T00:16:16","modified_gmt":"2026-05-17T00:16:16","slug":"termine-2026","status":"publish","type":"page","link":"https:\/\/schiesssport-haaren.de\/?page_id=106","title":{"rendered":"Termine 2026"},"content":{"rendered":"\n<figure class=\"wp-block-table alignwide is-style-stripes\"><table class=\"has-background\" style=\"background-color:#ece812\"><tbody><tr><td><\/td><td><strong>Januar<\/strong> <\/td><\/tr><tr><td><strong>24. 01. <\/strong><\/td><td><em><mark style=\"background-color:#ea1135\" class=\"has-inline-color\">Sch\u00fctzenverein: Mitgliederversammlung<\/mark><\/em><\/td><\/tr><tr><td><\/td><td><strong>Februar <\/strong><\/td><\/tr><tr><td><strong>06. 02. <br>07. 02. <br>13. 02.<br>20. u.21. 02.<\/strong><\/td><td><mark style=\"background-color:rgba(0, 0, 0, 0);color:#d93d42\" class=\"has-inline-color\">Sch\u00fctzenschnurschie\u00dfen<\/mark><br>Bezirksmeisterschaft KK in Essentho<br><mark style=\"background-color:rgba(0, 0, 0, 0);color:#d93d62\" class=\"has-inline-color\">Sch\u00fctzenschnurschie\u00dfen<\/mark><br>Bezirksmeisterschaft LG+LP in Verne<\/td><\/tr><tr><td><\/td><td><strong>M\u00e4rz<\/strong><\/td><\/tr><tr><td><strong>27. 03. <\/strong><\/td><td><em><mark style=\"background-color:#d93d5d\" class=\"has-inline-color\">Sch\u00fctzenverein: Kompanieschie\u00dfen<\/mark><\/em><\/td><\/tr><tr><td><\/td><td><strong>April<\/strong><\/td><\/tr><tr><td><\/td><td>Ende der RWK-Saison 2025\/2026<\/td><\/tr><tr><td><\/td><td><strong>Mai<\/strong><\/td><\/tr><tr><td><strong>10. 05. <\/strong><\/td><td><em><mark style=\"background-color:#d93d5d\" class=\"has-inline-color has-contrast-color\">Sch\u00fctzenverein: Angrillen<\/mark><\/em><\/td><\/tr><tr><td><\/td><td><strong>Juni<\/strong><\/td><\/tr><tr><td><strong>13. 06. <br>17. 06. <br>20. 06. <br>27. 06<\/strong>.<\/td><td><mark style=\"background-color:#d93d67\" class=\"has-inline-color\"><em>Sch\u00fctzenverein: Kindersch\u00fctzenfest<\/em><\/mark><br>Letzter Trainingstag, Saisonende 2025\/2026<br><em><mark style=\"background-color:#d93d57\" class=\"has-inline-color\">Sch\u00fctzenverein: Vogelschie\u00dfen<\/mark><\/em><br>Saisonabschlussfeier<\/td><\/tr><tr><td><\/td><td><strong>Juli<\/strong><\/td><\/tr><tr><td><strong>04. bis 06. 07. <\/strong><\/td><td><strong>Sch\u00fctzenfest in Haaren<\/strong><\/td><\/tr><tr><td><\/td><td><strong>August<\/strong><\/td><\/tr><tr><td><strong>18. 08. <\/strong><\/td><td>Saisonbeginn 2026\/2027<\/td><\/tr><tr><td><\/td><td><strong>September<\/strong><\/td><\/tr><tr><td><strong>05. bis 07. 09.<\/strong><br><strong>ab ca. 12. 09. <\/strong><\/td><td><strong>Kreissch\u00fctzenfest in Salzkotten<\/strong><br>Beginn der RWK-Saison 2026\/2027<\/td><\/tr><tr><td><\/td><td><strong>Oktober<\/strong><\/td><\/tr><tr><td><strong>03. 10. <br>11. 10. <\/strong><\/td><td>Vereinsmeisterschaft LG+LP<br><strong>Schie\u00dfen der &#8222;Guten Tat&#8220;<\/strong><\/td><\/tr><tr><td><\/td><td><strong>November<\/strong><\/td><\/tr><tr><td><strong>noch offen<br>07. 11. <br>13. 11. <br>28. 11<\/strong>.<\/td><td>Vereinsmeisterschaft Gro\u00dfkaliber in Essentho<br><mark style=\"background-color:rgba(0, 0, 0, 0);color:#f20a29\" class=\"has-inline-color\">Sch\u00fctzenschnurschie\u00dfen<\/mark><br><mark style=\"background-color:rgba(0, 0, 0, 0);color:#eb1d39\" class=\"has-inline-color\">Sch\u00fctzenschnurschie\u00dfen<\/mark><br><em><mark style=\"background-color:#d93d42\" class=\"has-inline-color\">Sch\u00fctzenverein: Kompanieabend<\/mark><\/em><\/td><\/tr><tr><td><\/td><td><strong>Dezember<\/strong><\/td><\/tr><tr><td><strong>04. 12. <br>05. 12. <\/strong><\/td><td><em><mark style=\"background-color:#d93d62\" class=\"has-inline-color\">Sch\u00fctzenverein: Wahlen in der Ehrenkompanie<\/mark><\/em><br><strong>Mitgliederversammlung<\/strong><\/td><\/tr><tr><td><\/td><td><strong>Januar 2027<\/strong><\/td><\/tr><tr><td><strong>noch offen<br>23. 01. <\/strong><\/td><td><em><mark style=\"background-color:#d93d57\" class=\"has-inline-color\">Sch\u00fctzenverein: Zugf\u00fchrerwahlen<br>Sch\u00fctzenverein: Mitgliederversammlung<\/mark><\/em><\/td><\/tr><\/tbody><\/table><\/figure>\n","protected":false},"excerpt":{"rendered":"<p>Januar 24. 01. Sch\u00fctzenverein: Mitgliederversammlung Februar 06. 02. 07. 02. 13. 02.20. u.21. 02. Sch\u00fctzenschnurschie\u00dfenBezirksmeisterschaft KK in EssenthoSch\u00fctzenschnurschie\u00dfenBezirksmeisterschaft LG+LP in Verne M\u00e4rz 27. 03. Sch\u00fctzenverein: Kompanieschie\u00dfen April Ende der RWK-Saison 2025\/2026 Mai 10. 05. Sch\u00fctzenverein: Angrillen Juni 13. 06. 17. 06. 20. 06. 27. 06. Sch\u00fctzenverein: Kindersch\u00fctzenfestLetzter Trainingstag, Saisonende 2025\/2026Sch\u00fctzenverein: Vogelschie\u00dfenSaisonabschlussfeier Juli 04. bis 06. [&hellip;]<\/p>\n","protected":false},"author":1,"featured_media":0,"parent":0,"menu_order":0,"comment_status":"closed","ping_status":"closed","template":"","meta":{"footnotes":""},"class_list":["post-106","page","type-page","status-publish","hentry"],"_links":{"self":[{"href":"https:\/\/schiesssport-haaren.de\/index.php?rest_route=\/wp\/v2\/pages\/106","targetHints":{"allow":["GET"]}}],"collection":[{"href":"https:\/\/schiesssport-haaren.de\/index.php?rest_route=\/wp\/v2\/pages"}],"about":[{"href":"https:\/\/schiesssport-haaren.de\/index.php?rest_route=\/wp\/v2\/types\/page"}],"author":[{"embeddable":true,"href":"https:\/\/schiesssport-haaren.de\/index.php?rest_route=\/wp\/v2\/users\/1"}],"replies":[{"embeddable":true,"href":"https:\/\/schiesssport-haaren.de\/index.php?rest_route=%2Fwp%2Fv2%2Fcomments&post=106"}],"version-history":[{"count":5,"href":"https:\/\/schiesssport-haaren.de\/index.php?rest_route=\/wp\/v2\/pages\/106\/revisions"}],"predecessor-version":[{"id":117,"href":"https:\/\/schiesssport-haaren.de\/index.php?rest_route=\/wp\/v2\/pages\/106\/revisions\/117"}],"wp:attachment":[{"href":"https:\/\/schiesssport-haaren.de\/index.php?rest_route=%2Fwp%2Fv2%2Fmedia&parent=106"}],"curies":[{"name":"wp","href":"https:\/\/api.w.org\/{rel}","templated":true}]}}