{"id":6,"date":"2026-05-11T20:32:42","date_gmt":"2026-05-11T20:32:42","guid":{"rendered":"http:\/\/schiesssport-haaren.de\/welcome-to-http-schiesssport-haaren-de\/"},"modified":"2026-05-16T01:31:01","modified_gmt":"2026-05-16T01:31:01","slug":"welcome-to-http-schiesssport-haaren-de","status":"publish","type":"page","link":"https:\/\/schiesssport-haaren.de\/","title":{"rendered":"Schie\u00dfsport Haaren"},"content":{"rendered":"\n<p class=\"has-text-align-center\">des Sch\u00fctzenvereins Haaren 1717 e.V.<\/p>\n\n\n\n<figure class=\"wp-block-image size-full\"><img loading=\"lazy\" decoding=\"async\" width=\"701\" height=\"573\" src=\"https:\/\/schiesssport-haaren.de\/wp-content\/uploads\/2026\/05\/Screenshot-2026-04-26-210958.png\" alt=\"\" class=\"wp-image-8\" srcset=\"https:\/\/schiesssport-haaren.de\/wp-content\/uploads\/2026\/05\/Screenshot-2026-04-26-210958.png 701w, https:\/\/schiesssport-haaren.de\/wp-content\/uploads\/2026\/05\/Screenshot-2026-04-26-210958-300x245.png 300w\" sizes=\"auto, (max-width: 701px) 100vw, 701px\" \/><\/figure>\n\n\n\n<div class=\"wp-block-columns is-layout-flex wp-container-core-columns-is-layout-28f84493 wp-block-columns-is-layout-flex\">\n<div class=\"wp-block-column is-layout-flow wp-block-column-is-layout-flow\">\n<p class=\"has-text-align-center\"><strong>Aktuelle Termine:<\/strong><\/p>\n\n\n\n<p class=\"has-text-align-center\">Mittwoch den 17. Juni: Letzter Trainingstag<\/p>\n\n\n\n<p class=\"has-text-align-center\"><strong><em><mark style=\"background-color:rgba(0, 0, 0, 0);color:#d93d5d\" class=\"has-inline-color\">Sch\u00fctzenverein:<\/mark><\/em><\/strong><\/p>\n\n\n\n<p class=\"has-text-align-center\"><mark style=\"background-color:#d93d62\" class=\"has-inline-color\">Samstag den 13. Juni: Kindersch\u00fctzenfest<\/mark><\/p>\n\n\n\n<p class=\"has-text-align-center\"><strong>N\u00e4chster Termin:<\/strong><\/p>\n\n\n\n<p class=\"has-text-align-center\">Samstag den 27. Juni: Saisonabschlussfeier<\/p>\n<\/div>\n<\/div>\n\n\n\n<p><\/p>\n","protected":false},"excerpt":{"rendered":"<p>des Sch\u00fctzenvereins Haaren 1717 e.V. Aktuelle Termine: Mittwoch den 17. Juni: Letzter Trainingstag Sch\u00fctzenverein: Samstag den 13. Juni: Kindersch\u00fctzenfest N\u00e4chster Termin: Samstag den 27. Juni: Saisonabschlussfeier<\/p>\n","protected":false},"author":1,"featured_media":0,"parent":0,"menu_order":0,"comment_status":"closed","ping_status":"open","template":"","meta":{"footnotes":""},"class_list":["post-6","page","type-page","status-publish","hentry"],"_links":{"self":[{"href":"https:\/\/schiesssport-haaren.de\/index.php?rest_route=\/wp\/v2\/pages\/6","targetHints":{"allow":["GET"]}}],"collection":[{"href":"https:\/\/schiesssport-haaren.de\/index.php?rest_route=\/wp\/v2\/pages"}],"about":[{"href":"https:\/\/schiesssport-haaren.de\/index.php?rest_route=\/wp\/v2\/types\/page"}],"author":[{"embeddable":true,"href":"https:\/\/schiesssport-haaren.de\/index.php?rest_route=\/wp\/v2\/users\/1"}],"replies":[{"embeddable":true,"href":"https:\/\/schiesssport-haaren.de\/index.php?rest_route=%2Fwp%2Fv2%2Fcomments&post=6"}],"version-history":[{"count":2,"href":"https:\/\/schiesssport-haaren.de\/index.php?rest_route=\/wp\/v2\/pages\/6\/revisions"}],"predecessor-version":[{"id":83,"href":"https:\/\/schiesssport-haaren.de\/index.php?rest_route=\/wp\/v2\/pages\/6\/revisions\/83"}],"wp:attachment":[{"href":"https:\/\/schiesssport-haaren.de\/index.php?rest_route=%2Fwp%2Fv2%2Fmedia&parent=6"}],"curies":[{"name":"wp","href":"https:\/\/api.w.org\/{rel}","templated":true}]}}