{"id":69,"date":"2026-05-16T01:39:29","date_gmt":"2026-05-16T01:39:29","guid":{"rendered":"http:\/\/localhost\/wordpress\/?page_id=69"},"modified":"2026-05-16T16:09:40","modified_gmt":"2026-05-16T16:09:40","slug":"imperressium","status":"publish","type":"page","link":"https:\/\/schiesssport-haaren.de\/?page_id=69","title":{"rendered":"Impressum"},"content":{"rendered":"\n<p>Schie\u00dfsportabteilung Haaren<\/p>\n\n\n\n<ol class=\"wp-block-list\">\n<li>Schie\u00dfmeister: J\u00fcrgen Stratmann 02957-995022<\/li>\n\n\n\n<li>Schie\u00dfmeister: Uwe Simon 02957-1358<\/li>\n<\/ol>\n\n\n\n<p><\/p>\n\n\n\n<p>Adresse: Wewelsburgerstra\u00dfe 8,                        33181 Bad W\u00fcnnenberg-Haaren<\/p>\n\n\n\n<p><\/p>\n\n\n\n<p>Webmaster: Franz-Josef Traphan 0176-98276777<\/p>\n","protected":false},"excerpt":{"rendered":"<p>Schie\u00dfsportabteilung Haaren Adresse: Wewelsburgerstra\u00dfe 8, 33181 Bad W\u00fcnnenberg-Haaren Webmaster: Franz-Josef Traphan 0176-98276777<\/p>\n","protected":false},"author":1,"featured_media":0,"parent":0,"menu_order":0,"comment_status":"closed","ping_status":"closed","template":"","meta":{"footnotes":""},"class_list":["post-69","page","type-page","status-publish","hentry"],"_links":{"self":[{"href":"https:\/\/schiesssport-haaren.de\/index.php?rest_route=\/wp\/v2\/pages\/69","targetHints":{"allow":["GET"]}}],"collection":[{"href":"https:\/\/schiesssport-haaren.de\/index.php?rest_route=\/wp\/v2\/pages"}],"about":[{"href":"https:\/\/schiesssport-haaren.de\/index.php?rest_route=\/wp\/v2\/types\/page"}],"author":[{"embeddable":true,"href":"https:\/\/schiesssport-haaren.de\/index.php?rest_route=\/wp\/v2\/users\/1"}],"replies":[{"embeddable":true,"href":"https:\/\/schiesssport-haaren.de\/index.php?rest_route=%2Fwp%2Fv2%2Fcomments&post=69"}],"version-history":[{"count":2,"href":"https:\/\/schiesssport-haaren.de\/index.php?rest_route=\/wp\/v2\/pages\/69\/revisions"}],"predecessor-version":[{"id":110,"href":"https:\/\/schiesssport-haaren.de\/index.php?rest_route=\/wp\/v2\/pages\/69\/revisions\/110"}],"wp:attachment":[{"href":"https:\/\/schiesssport-haaren.de\/index.php?rest_route=%2Fwp%2Fv2%2Fmedia&parent=69"}],"curies":[{"name":"wp","href":"https:\/\/api.w.org\/{rel}","templated":true}]}}