{"id":76,"date":"2026-05-16T01:39:06","date_gmt":"2026-05-16T01:39:06","guid":{"rendered":"http:\/\/localhost\/wordpress\/?page_id=76"},"modified":"2026-05-16T01:39:06","modified_gmt":"2026-05-16T01:39:06","slug":"datenschuetzerklaerung","status":"publish","type":"page","link":"https:\/\/schiesssport-haaren.de\/?page_id=76","title":{"rendered":"Datensch\u00fctzerkl\u00e4rung"},"content":{"rendered":"\n<p class=\"alignwide\">Diese Datenschutz-Information gilt f\u00fcr die Datenverarbeitung durch:<br>Verantwortlicher: Vorstand des Sch\u00fctzenverein Haaren 1717 e.V., vertreten durch den 1. Vorsitzenden, Sebastian Schulte, Karlstra\u00dfe 14, 33181 Bad W\u00fcnnenberg<br>Tel: 02957-985740<br>F\u00fcr die Website www.schiesssport-haaren.de: Franz-Josef Traphan, Hinter den Z\u00e4unen 28, 33181 Bad W\u00fcnnenberg , Tel. 02957-1489Erhebung und Speicherung personenbezogener Daten sowie Art und Zweck von deren Verwendung<br>a) Beim Besuch der Website<br>Beim Aufrufen unserer Website www.schiesssport-haaren.de werden durch den auf Ihrem Endger\u00e4t zum Einsatz kommenden Browser automatisch Informationen an den Server unserer Website gesendet. Diese Informationen werden tempor\u00e4r in einem sog. Logfile gespeichert. Folgende Informationen werden dabei ohne Ihr Zutun erfasst und bis zur automatisierten L\u00f6schung gespeichert:<br>\u00b7\u00a0\u00a0\u00a0\u00a0\u00a0\u00a0\u00a0\u00a0 IP-Adresse des anfragenden Rechners,<br>\u00b7\u00a0\u00a0\u00a0\u00a0\u00a0\u00a0\u00a0\u00a0 Datum und Uhrzeit des Zugriffs,<br>\u00b7\u00a0\u00a0\u00a0\u00a0\u00a0\u00a0\u00a0\u00a0 Name und URL der abgerufenen Datei,<br>\u00b7\u00a0\u00a0\u00a0\u00a0\u00a0\u00a0\u00a0\u00a0 Website, von der aus der Zugriff erfolgt (Referrer-URL),<br>\u00b7\u00a0\u00a0\u00a0\u00a0\u00a0\u00a0\u00a0\u00a0 verwendeter Browser und ggf. das Betriebssystem Ihres Rechners sowie der Name Ihres Access-Providers.<br>Die genannten Daten werden durch uns zu folgenden Zwecken verarbeitet:<br>\u00b7\u00a0\u00a0\u00a0\u00a0\u00a0\u00a0\u00a0\u00a0 Gew\u00e4hrleistung eines reibungslosen Verbindungsaufbaus der Website,<br>\u00b7\u00a0\u00a0\u00a0\u00a0\u00a0\u00a0\u00a0\u00a0 Gew\u00e4hrleistung einer komfortablen Nutzung unserer Website,<br>\u00b7\u00a0\u00a0\u00a0\u00a0\u00a0\u00a0\u00a0\u00a0 Auswertung der Systemsicherheit und -stabilit\u00e4t sowie<br>\u00b7\u00a0\u00a0\u00a0\u00a0\u00a0\u00a0\u00a0\u00a0 zu weiteren administrativen Zwecken.<br>Die Rechtsgrundlage f\u00fcr die Datenverarbeitung ist Art.\u00a06 Abs.\u00a01 S.\u00a01 lit.\u00a0f DSGVO. Unser berechtigtes Interesse folgt aus oben aufgelisteten Zwecken zur Datenerhebung. In keinem Fall verwenden wir die erhobenen Daten zu dem Zweck, R\u00fcckschl\u00fcsse auf Ihre Person zu ziehen.<br>Dar\u00fcber hinaus setzen wir beim Besuch unserer Website Cookies sowie Analysedienste ein. N\u00e4here Erl\u00e4uterungen dazu erhalten Sie unter den Ziff. 4 und 5 dieser Datenschutzerkl\u00e4rung.<br>c) Bei Nutzung unseres Kontaktformulars<br>Bei Fragen jeglicher Art bieten wir Ihnen die M\u00f6glichkeit, mit uns \u00fcber ein auf der Website bereitgestelltes Formular Kontakt aufzunehmen. Dabei ist die Angabe einer g\u00fcltigen E-Mail-Adresse erforderlich, damit wir wissen, von wem die Anfrage stammt und um diese beantworten zu k\u00f6nnen. Weitere Angaben k\u00f6nnen freiwillig get\u00e4tigt werden.<br>Die Datenverarbeitung zum Zwecke der Kontaktaufnahme mit uns erfolgt nach Art.\u00a06 Abs.\u00a01 S.\u00a01 lit.\u00a0a DSGVO auf Grundlage Ihrer freiwillig erteilten Einwilligung.<br>Die f\u00fcr die Benutzung des Kontaktformulars von uns erhobenen personenbezogenen Daten werden nach Erledigung der von Ihnen gestellten Anfrage automatisch gel\u00f6scht.<\/p>\n\n\n\n<ol class=\"wp-block-list\">\n<li>Cookies<br>Wir setzen auf unserer Seite Cookies ein. Hierbei handelt es sich um kleine Dateien, die Ihr Browser automatisch erstellt und die auf Ihrem Endger\u00e4t (Laptop, Tablet, Smartphone o.\u00e4.) gespeichert werden, wenn Sie unsere Seite besuchen. Cookies richten auf Ihrem Endger\u00e4t keinen Schaden an, enthalten keine Viren, Trojaner oder sonstige Schadsoftware.<br>In dem Cookie werden Informationen abgelegt, die sich jeweils im Zusammenhang mit dem spezifisch eingesetzten Endger\u00e4t ergeben. Dies bedeutet jedoch nicht, dass wir dadurch unmittelbar Kenntnis von Ihrer Identit\u00e4t erhalten.<br>Der Einsatz von Cookies dient einerseits dazu, die Nutzung unseres Angebots f\u00fcr Sie angenehmer zu gestalten. So setzen wir sogenannte Session-Cookies ein, um zu erkennen, dass Sie einzelne Seiten unserer Website bereits besucht haben. Diese werden nach Verlassen unserer Seite automatisch gel\u00f6scht.<br>Dar\u00fcber hinaus setzen wir ebenfalls zur Optimierung der Benutzerfreundlichkeit tempor\u00e4re Cookies ein, die f\u00fcr einen bestimmten festgelegten Zeitraum auf Ihrem Endger\u00e4t gespeichert werden. Besuchen Sie unsere Seite erneut, um unsere Dienste in Anspruch zu nehmen, wird automatisch erkannt, dass Sie bereits bei uns waren und welche Eingaben und Einstellungen sie get\u00e4tigt haben, um diese nicht noch einmal eingeben zu m\u00fcssen.<br>Zum anderen setzten wir Cookies ein, um die Nutzung unserer Website statistisch zu erfassen und zum Zwecke der Optimierung unseres Angebotes f\u00fcr Sie auszuwerten (siehe Ziff.\u00a05). Diese Cookies erm\u00f6glichen es uns, bei einem erneuten Besuch unserer Seite automatisch zu erkennen, dass Sie bereits bei uns waren. Diese Cookies werden nach einer jeweils definierten Zeit automatisch gel\u00f6scht.<br>Die durch Cookies verarbeiteten Daten sind f\u00fcr die genannten Zwecke zur Wahrung unserer berechtigten Interessen sowie der Dritter nach Art.\u00a06 Abs.\u00a01 S.\u00a01 lit.\u00a0f DSGVO erforderlich.<br>Die meisten Browser akzeptieren Cookies automatisch. Sie k\u00f6nnen Ihren Browser jedoch so konfigurieren, dass keine Cookies auf Ihrem Computer gespeichert werden oder stets ein Hinweis erscheint, bevor ein neuer Cookie angelegt wird. Die vollst\u00e4ndige Deaktivierung von Cookies kann jedoch dazu f\u00fchren, dass Sie nicht alle Funktionen unserer Website nutzen k\u00f6nnen.<br>Besuch nicht mehr erfasst wird.<\/li>\n\n\n\n<li>Social Media Plug-ins<br>Wir setzen auf unserer Website auf Grundlage des Art.\u00a06 Abs.\u00a01 S.\u00a01 lit.\u00a0f DSGVO Social Plug-ins der sozialen Netzwerke Facebook, Twitter und Instagram ein, um unsere Kanzlei hier\u00fcber bekannter zu machen. Der dahinterstehende werbliche Zweck ist als berechtigtes Interesse im Sinne der DSGVO anzusehen. Die Verantwortung f\u00fcr den datenschutzkonformen Betrieb ist durch deren jeweiligen Anbieter zu gew\u00e4hrleisten. Die Einbindung dieser Plug-ins durch uns erfolgt im Wege der sogenannten Zwei-Klick-Methode um Besucher unserer Webseite bestm\u00f6glich zu sch\u00fctzen.<br>a) Facebook<br>Auf unserer Website kommen Social-Media Plugins von Facebook zum Einsatz, um deren Nutzung pers\u00f6nlicher zu gestalten. Hierf\u00fcr nutzen wir den \u201eLIKE\u201c oder \u201eTEILEN\u201c-Button. Es handelt sich dabei um ein Angebot von Facebook.<br>Wenn Sie eine Seite unseres Webauftritts aufrufen, die ein solches Plugin enth\u00e4lt, baut Ihr Browser eine direkte Verbindung mit den Servern von Facebook auf. Der Inhalt des Plugins wird von Facebook direkt an Ihren Browser \u00fcbermittelt und von diesem in die Webseite eingebunden.<br>Durch die Einbindung der Plugins erh\u00e4lt Facebook die Information, dass Ihr Browser die entsprechende Seite unseres Webauftritts aufgerufen hat, auch wenn Sie kein Facebook-Konto besitzen oder gerade nicht bei Facebook eingeloggt sind. Diese Information (einschlie\u00dflich Ihrer IP-Adresse) wird von Ihrem Browser direkt an einen Server von Facebook in den USA \u00fcbermittelt und dort gespeichert.<br>Sind Sie bei Facebook eingeloggt, kann Facebook den Besuch unserer Website Ihrem Facebook-Konto direkt zuordnen. Wenn Sie mit den Plugins interagieren, zum Beispiel den \u201eLIKE\u201c oder \u201eTEILEN\u201c-Button bet\u00e4tigen, wird die entsprechende Information ebenfalls direkt an einen Server von Facebook \u00fcbermittelt und dort gespeichert. Die Informationen werden zudem auf Facebook ver\u00f6ffentlicht und Ihren Facebook-Freunden angezeigt.<br>Facebook kann diese Informationen zum Zwecke der Werbung, Marktforschung und bedarfsgerechten Gestaltung der Facebook-Seiten benutzen. Hierzu werden von Facebook Nutzungs-, Interessen- und Beziehungsprofile erstellt, z.\u00a0B. um Ihre Nutzung unserer Website im Hinblick auf die Ihnen bei Facebook eingeblendeten Werbeanzeigen auszuwerten, andere Facebook-Nutzer \u00fcber Ihre Aktivit\u00e4ten auf unserer Website zu informieren und um weitere mit der Nutzung von Facebook verbundene Dienstleistungen zu erbringen.<br>Wenn Sie nicht m\u00f6chten, dass Facebook die \u00fcber unseren Webauftritt gesammelten Daten Ihrem Facebook-Konto zuordnet, m\u00fcssen Sie sich vor Ihrem Besuch unserer Website bei Facebook ausloggen.<br>Zweck und Umfang der Datenerhebung und die weitere Verarbeitung und Nutzung der Daten durch Facebook sowie Ihre diesbez\u00fcglichen Rechte und Einstellungsm\u00f6glichkeiten zum Schutz Ihrer Privatsph\u00e4re entnehmen Sie bitte den Datenschutzhinweisen (https:\/\/www.facebook.com\/about\/privacy\/) von Facebook.<\/li>\n\n\n\n<li>Betroffenenrechte<br>Sie haben das Recht:<br>\u00b7\u00a0\u00a0\u00a0\u00a0\u00a0\u00a0\u00a0\u00a0 gem\u00e4\u00df Art.\u00a015 DSGVO Auskunft \u00fcber Ihre von uns verarbeiteten personenbezogenen Daten zu verlangen. Insbesondere k\u00f6nnen Sie Auskunft \u00fcber die Verarbeitungszwecke, die Kategorie der personenbezogenen Daten, die Kategorien von Empf\u00e4ngern, gegen\u00fcber denen Ihre Daten offengelegt wurden oder werden, die geplante Speicherdauer, das Bestehen eines Rechts auf Berichtigung, L\u00f6schung, Einschr\u00e4nkung der Verarbeitung oder Widerspruch, das Bestehen eines Beschwerderechts, die Herkunft ihrer Daten, sofern diese nicht bei uns erhoben wurden, sowie \u00fcber das Bestehen einer automatisierten Entscheidungsfindung einschlie\u00dflich Profiling und ggf. aussagekr\u00e4ftigen Informationen zu deren Einzelheiten verlangen;<br>\u00b7\u00a0\u00a0\u00a0\u00a0\u00a0\u00a0\u00a0\u00a0 gem\u00e4\u00df Art.\u00a016 DSGVO unverz\u00fcglich die Berichtigung unrichtiger oder Vervollst\u00e4ndigung Ihrer bei uns gespeicherten personenbezogenen Daten zu verlangen;<br>\u00b7\u00a0\u00a0\u00a0\u00a0\u00a0\u00a0\u00a0\u00a0 gem\u00e4\u00df Art.\u00a017 DSGVO die L\u00f6schung Ihrer bei uns gespeicherten personenbezogenen Daten zu verlangen, soweit nicht die Verarbeitung zur Aus\u00fcbung des Rechts auf freie Meinungs\u00e4u\u00dferung und Information, zur Erf\u00fcllung einer rechtlichen Verpflichtung, aus Gr\u00fcnden des \u00f6ffentlichen Interesses oder zur Geltendmachung, Aus\u00fcbung oder Verteidigung von Rechtsanspr\u00fcchen erforderlich ist;<br>\u00b7\u00a0\u00a0\u00a0\u00a0\u00a0\u00a0\u00a0\u00a0 gem\u00e4\u00df Art.\u00a018 DSGVO die Einschr\u00e4nkung der Verarbeitung Ihrer personenbezogenen Daten zu verlangen, soweit die Richtigkeit der Daten von Ihnen bestritten wird, die Verarbeitung unrechtm\u00e4\u00dfig ist, Sie aber deren L\u00f6schung ablehnen und wir die Daten nicht mehr ben\u00f6tigen, Sie jedoch diese zur Geltendmachung, Aus\u00fcbung oder Verteidigung von Rechtsanspr\u00fcchen ben\u00f6tigen oder Sie gem\u00e4\u00df Art.\u00a021 DSGVO Widerspruch gegen die Verarbeitung eingelegt haben;<br>\u00b7\u00a0\u00a0\u00a0\u00a0\u00a0\u00a0\u00a0\u00a0 gem\u00e4\u00df Art.\u00a020 DSGVO Ihre personenbezogenen Daten, die Sie uns bereitgestellt haben, in einem strukturierten, g\u00e4ngigen und maschinenlesebaren Format zu erhalten oder die \u00dcbermittlung an einen anderen Verantwortlichen zu verlangen;<br>\u00b7\u00a0\u00a0\u00a0\u00a0\u00a0\u00a0\u00a0\u00a0 gem\u00e4\u00df Art.\u00a07 Abs.\u00a03 DSGVO Ihre einmal erteilte Einwilligung jederzeit gegen\u00fcber uns zu widerrufen. Dies hat zur Folge, dass wir die Datenverarbeitung, die auf dieser Einwilligung beruhte, f\u00fcr die Zukunft nicht mehr fortf\u00fchren d\u00fcrfen und<br>\u00b7\u00a0\u00a0\u00a0\u00a0\u00a0\u00a0\u00a0\u00a0 gem\u00e4\u00df Art.\u00a077 DSGVO sich bei einer Aufsichtsbeh\u00f6rde zu beschweren. In der Regel k\u00f6nnen Sie sich hierf\u00fcr an die Aufsichtsbeh\u00f6rde Ihres \u00fcblichen Aufenthaltsortes oder Arbeitsplatzes oder unseres Kanzleisitzes wenden.<\/li>\n\n\n\n<li>Widerspruchsrecht<br>Sofern Ihre personenbezogenen Daten auf Grundlage von berechtigten Interessen gem\u00e4\u00df Art.\u00a06 Abs.\u00a01 S.\u00a01 lit.\u00a0f DSGVO verarbeitet werden, haben Sie das Recht, gem\u00e4\u00df Art.\u00a021 DSGVO Widerspruch gegen die Verarbeitung Ihrer personenbezogenen Daten einzulegen, soweit daf\u00fcr Gr\u00fcnde vorliegen, die sich aus Ihrer besonderen Situation ergeben oder sich der Widerspruch gegen Direktwerbung richtet. Im letzteren Fall haben Sie ein generelles Widerspruchsrecht, das ohne Angabe einer besonderen Situation von uns umgesetzt wird.<br>M\u00f6chten Sie von Ihrem Widerrufs- oder Widerspruchsrecht Gebrauch machen, gen\u00fcgt eine E-Mail an Ftraphan@t-online.de<\/li>\n\n\n\n<li>Datensicherheit<br>Wir verwenden innerhalb des Website-Besuchs das verbreitete SSL-Verfahren (Secure Socket Layer) in Verbindung mit der jeweils h\u00f6chsten Verschl\u00fcsselungsstufe, die von Ihrem Browser unterst\u00fctzt wird. In der Regel handelt es sich dabei um eine 256 Bit Verschl\u00fcsselung. Falls Ihr Browser keine 256-Bit Verschl\u00fcsselung unterst\u00fctzt, greifen wir stattdessen auf 128-Bit v3 Technologie zur\u00fcck. Ob eine einzelne Seite unseres Internetauftrittes verschl\u00fcsselt \u00fcbertragen wird, erkennen Sie an der geschlossenen Darstellung des Sch\u00fcssel- beziehungsweise Schloss-Symbols in der unteren Statusleiste Ihres Browsers.<br>Wir bedienen uns im \u00dcbrigen geeigneter technischer und organisatorischer Sicherheitsma\u00dfnahmen, um Ihre Daten gegen zuf\u00e4llige oder vors\u00e4tzliche Manipulationen, teilweisen oder vollst\u00e4ndigen Verlust, Zerst\u00f6rung oder gegen den unbefugten Zugriff Dritter zu sch\u00fctzen. Unsere Sicherheitsma\u00dfnahmen werden entsprechend der technologischen Entwicklung fortlaufend verbessert.<\/li>\n\n\n\n<li>Aktualit\u00e4t und \u00c4nderung dieser Datenschutzerkl\u00e4rung<br>Diese Datenschutzerkl\u00e4rung ist aktuell g\u00fcltig und hat den Stand Mai 2018.<br>Durch die Weiterentwicklung unserer Website und Angebote dar\u00fcber oder aufgrund ge\u00e4nderter gesetzlicher beziehungsweise beh\u00f6rdlicher Vorgaben kann es notwendig werden, diese Datenschutzerkl\u00e4rung zu \u00e4ndern. Die jeweils aktuelle Datenschutzerkl\u00e4rung kann jederzeit auf der Website unter https:\/\/ www.schiesssport-haaren.de \/datenschutz von Ihnen abgerufen und ausgedruckt werden.<\/li>\n<\/ol>\n","protected":false},"excerpt":{"rendered":"<p>Diese Datenschutz-Information gilt f\u00fcr die Datenverarbeitung durch:Verantwortlicher: Vorstand des Sch\u00fctzenverein Haaren 1717 e.V., vertreten durch den 1. Vorsitzenden, Sebastian Schulte, Karlstra\u00dfe 14, 33181 Bad W\u00fcnnenbergTel: 02957-985740F\u00fcr die Website www.schiesssport-haaren.de: Franz-Josef Traphan, Hinter den Z\u00e4unen 28, 33181 Bad W\u00fcnnenberg , Tel. 02957-1489Erhebung und Speicherung personenbezogener Daten sowie Art und Zweck von deren Verwendunga) Beim Besuch der [&hellip;]<\/p>\n","protected":false},"author":1,"featured_media":0,"parent":0,"menu_order":0,"comment_status":"closed","ping_status":"closed","template":"","meta":{"footnotes":""},"class_list":["post-76","page","type-page","status-publish","hentry"],"_links":{"self":[{"href":"https:\/\/schiesssport-haaren.de\/index.php?rest_route=\/wp\/v2\/pages\/76","targetHints":{"allow":["GET"]}}],"collection":[{"href":"https:\/\/schiesssport-haaren.de\/index.php?rest_route=\/wp\/v2\/pages"}],"about":[{"href":"https:\/\/schiesssport-haaren.de\/index.php?rest_route=\/wp\/v2\/types\/page"}],"author":[{"embeddable":true,"href":"https:\/\/schiesssport-haaren.de\/index.php?rest_route=\/wp\/v2\/users\/1"}],"replies":[{"embeddable":true,"href":"https:\/\/schiesssport-haaren.de\/index.php?rest_route=%2Fwp%2Fv2%2Fcomments&post=76"}],"version-history":[{"count":1,"href":"https:\/\/schiesssport-haaren.de\/index.php?rest_route=\/wp\/v2\/pages\/76\/revisions"}],"predecessor-version":[{"id":84,"href":"https:\/\/schiesssport-haaren.de\/index.php?rest_route=\/wp\/v2\/pages\/76\/revisions\/84"}],"wp:attachment":[{"href":"https:\/\/schiesssport-haaren.de\/index.php?rest_route=%2Fwp%2Fv2%2Fmedia&parent=76"}],"curies":[{"name":"wp","href":"https:\/\/api.w.org\/{rel}","templated":true}]}}